{"id":1902,"date":"2015-09-15T00:18:26","date_gmt":"2015-09-14T22:18:26","guid":{"rendered":"http:\/\/www.charlyfresh.com\/at\/?page_id=1902"},"modified":"2024-12-02T14:53:43","modified_gmt":"2024-12-02T13:53:43","slug":"wrap-box","status":"publish","type":"page","link":"https:\/\/www.charlyfresh.com\/at\/wrap-box\/","title":{"rendered":"Wrap Box"},"content":{"rendered":"<h3>Die Charlyfresh Wrap-Box<img loading=\"lazy\" class=\"alignright wp-image-3975\" src=\"http:\/\/www.charlyfresh.com\/at\/wp-content\/uploads\/2015\/09\/wrap_box_fi.jpg\" alt=\"wrap_box_fi\" width=\"344\" height=\"258\" srcset=\"https:\/\/www.charlyfresh.com\/at\/wp-content\/uploads\/2015\/09\/wrap_box_fi.jpg 1200w, https:\/\/www.charlyfresh.com\/at\/wp-content\/uploads\/2015\/09\/wrap_box_fi-80x60.jpg 80w, https:\/\/www.charlyfresh.com\/at\/wp-content\/uploads\/2015\/09\/wrap_box_fi-300x225.jpg 300w, https:\/\/www.charlyfresh.com\/at\/wp-content\/uploads\/2015\/09\/wrap_box_fi-1024x768.jpg 1024w, https:\/\/www.charlyfresh.com\/at\/wp-content\/uploads\/2015\/09\/wrap_box_fi-600x450.jpg 600w\" sizes=\"(max-width: 344px) 100vw, 344px\" \/><\/h3>\n<p>Hier kannst du dir deine eigene\u00a0<strong><span style=\"color: #339966;\">kalte Wrap-Box<\/span><\/strong>\u00a0zusammenstellen. Ob Fleisch, vegetarisch oder vegan&#8230; es ist f\u00fcr jeden etwas dabei!<br \/>\nNachdem du dich f\u00fcr die Gr\u00f6\u00dfe deiner Box\u00a0entschieden hast, kannst du die Best\u00fcckung selbst w\u00e4hlen.<\/p>\n<p>Zur Auswahl stehen:<\/p>\n<p style=\"padding-left: 30px;\"><em>Rind<\/em><\/p>\n<ul>\n<li><strong>Mediteranian Roastbeef Wrap<\/strong>\u00a0(roastbeef_rucola_gegrillte paprika_getrocknete tomaten_oliven creamcheese)<\/li>\n<\/ul>\n<hr \/>\n<p style=\"padding-left: 30px; text-align: left;\"><em>Huhn<\/em><\/p>\n<ul>\n<li style=\"text-align: left;\"><strong>Chicken Creamcheese Wrap\u00a0<\/strong>(h\u00fchnerfilet_rucola_tomaten_creamcheese)<\/li>\n<\/ul>\n<hr \/>\n<p style=\"padding-left: 30px;\"><em>Vegetarisch<\/em><\/p>\n<ul>\n<li><strong>Caprese Wrap\u00a0<\/strong>(tomate_mozzarella_rucola_gr\u00fcnes pesto)<\/li>\n<li><strong>Feta Wrap<\/strong>\u00a0(feta_rucola_tomaten_rotes pesto)<\/li>\n<\/ul>\n<hr \/>\n<p style=\"padding-left: 30px;\"><em>Vegan<\/em><\/p>\n<ul>\n<li><strong>Falafel\u00a0Wrap<\/strong>\u00a0(falafel_humus_melanzani_tomaten_gurken_tahina sauce)<\/li>\n<\/ul>\n<hr \/>\n<section id=\"wppizza-grid-section-0\"  class=\"wppizza-grid-section wppizza-grid-section-0 wppizza-grid-section-first\"><article id=\"post-1868\" class=\"wppizza-article wppizza-article-grid  wppizza-article-first wppizza-article-wbox wppizza-article-wbox-26 wppizza_menu-wbox wppizza_menu-term-26 entry-content post-1868 wppizza type-wppizza status-publish has-post-thumbnail hentry\"><h2 id=\"wppizza-article-1-26-1868-7-0\" class=\"wppizza-article-h2  wppizza-trigger-click\"><span class=\"wppizza-article-title\">Wrap Box | Small<\/span><\/h2><div id=\"wppizza-article-img-1868\" class=\"wppizza-article-image\"><a href=\"https:\/\/www.charlyfresh.com\/at\/wp-content\/uploads\/2015\/09\/wrap_box_fi.jpg\" rel=\"wpzpp-wrap-in-the-box-small\" title=\"Wrap Box | Small\"><img width=\"80\" height=\"60\" src=\"https:\/\/www.charlyfresh.com\/at\/wp-content\/uploads\/2015\/09\/wrap_box_fi-80x60.jpg\" class=\"wppizza-article-image-thumb wp-post-image\" alt=\"\" loading=\"lazy\" title=\"Wrap Box | Small\" srcset=\"https:\/\/www.charlyfresh.com\/at\/wp-content\/uploads\/2015\/09\/wrap_box_fi-80x60.jpg 80w, https:\/\/www.charlyfresh.com\/at\/wp-content\/uploads\/2015\/09\/wrap_box_fi-300x225.jpg 300w, https:\/\/www.charlyfresh.com\/at\/wp-content\/uploads\/2015\/09\/wrap_box_fi-1024x768.jpg 1024w, https:\/\/www.charlyfresh.com\/at\/wp-content\/uploads\/2015\/09\/wrap_box_fi-600x450.jpg 600w, https:\/\/www.charlyfresh.com\/at\/wp-content\/uploads\/2015\/09\/wrap_box_fi.jpg 1200w\" sizes=\"(max-width: 80px) 100vw, 80px\" \/><\/a><\/div><div id=\"wppizza-article-sizes-1868\" class=\"wppizza-article-sizes wppizza-article-prices-7\"><ul><li id=\"wppizza-article-prices-1868\" class=\"wppizza-article-prices\" ><ul><li id=\"wppizza-1-26-1868-7-0\" class=\"wppizza-article-price wppizza-article-price-7-0 wppizza-price-1868-0 wppizza-add-ingredients\"  title=\"hinzuf\u00fcgen\"  data-id=\"1.26.1868.7.0\" ><span class=\"\">\u20ac 59,00<\/span><div class=\"wppizza-article-size\">Box<\/div><\/li><\/ul><\/li><\/ul><\/div><p id=\"wppizza-article-content-1868\" class=\"wppizza-article-content\">bestehend aus 16 kalten wraph\u00e4lften_w\u00e4hle nach deinen w\u00fcnschen aus den verschiedenen sorten<\/p><\/article><article id=\"post-1869\" class=\"wppizza-article wppizza-article-grid  wppizza-article-wbox wppizza-article-wbox-26 wppizza_menu-wbox wppizza_menu-term-26 entry-content post-1869 wppizza type-wppizza status-publish has-post-thumbnail hentry\"><h2 id=\"wppizza-article-1-26-1869-7-0\" class=\"wppizza-article-h2  wppizza-trigger-click\"><span class=\"wppizza-article-title\">Wrap Box | Medium<\/span><\/h2><div id=\"wppizza-article-img-1869\" class=\"wppizza-article-image\"><a href=\"https:\/\/www.charlyfresh.com\/at\/wp-content\/uploads\/2016\/10\/wrap-box-medium.jpg\" rel=\"wpzpp-wrap-in-the-box-medium\" title=\"Wrap Box | Medium\"><img width=\"80\" height=\"60\" src=\"https:\/\/www.charlyfresh.com\/at\/wp-content\/uploads\/2016\/10\/wrap-box-medium-80x60.jpg\" class=\"wppizza-article-image-thumb wp-post-image\" alt=\"\" loading=\"lazy\" title=\"Wrap Box | Medium\" srcset=\"https:\/\/www.charlyfresh.com\/at\/wp-content\/uploads\/2016\/10\/wrap-box-medium-80x60.jpg 80w, https:\/\/www.charlyfresh.com\/at\/wp-content\/uploads\/2016\/10\/wrap-box-medium-300x225.jpg 300w, https:\/\/www.charlyfresh.com\/at\/wp-content\/uploads\/2016\/10\/wrap-box-medium-1024x768.jpg 1024w, https:\/\/www.charlyfresh.com\/at\/wp-content\/uploads\/2016\/10\/wrap-box-medium-600x450.jpg 600w, https:\/\/www.charlyfresh.com\/at\/wp-content\/uploads\/2016\/10\/wrap-box-medium.jpg 1200w\" sizes=\"(max-width: 80px) 100vw, 80px\" \/><\/a><\/div><div id=\"wppizza-article-sizes-1869\" class=\"wppizza-article-sizes wppizza-article-prices-7\"><ul><li id=\"wppizza-article-prices-1869\" class=\"wppizza-article-prices\" ><ul><li id=\"wppizza-1-26-1869-7-0\" class=\"wppizza-article-price wppizza-article-price-7-0 wppizza-price-1869-0 wppizza-add-ingredients\"  title=\"hinzuf\u00fcgen\"  data-id=\"1.26.1869.7.0\" ><span class=\"\">\u20ac 109,00<\/span><div class=\"wppizza-article-size\">Box<\/div><\/li><\/ul><\/li><\/ul><\/div><p id=\"wppizza-article-content-1869\" class=\"wppizza-article-content\">bestehend aus 32 kalten wraph\u00e4lften_w\u00e4hle nach deinen w\u00fcnschen aus den verschiedenen sorten<\/p><\/article><article id=\"post-1870\" class=\"wppizza-article wppizza-article-grid  wppizza-article-wbox wppizza-article-wbox-26 wppizza_menu-wbox wppizza_menu-term-26 entry-content post-1870 wppizza type-wppizza status-publish has-post-thumbnail hentry\"><h2 id=\"wppizza-article-1-26-1870-7-0\" class=\"wppizza-article-h2  wppizza-trigger-click\"><span class=\"wppizza-article-title\">Wrap Box | Large<\/span><\/h2><div id=\"wppizza-article-img-1870\" class=\"wppizza-article-image\"><a href=\"https:\/\/www.charlyfresh.com\/at\/wp-content\/uploads\/2016\/10\/wrap-box-large.jpg\" rel=\"wpzpp-wrap-in-the-box-large\" title=\"Wrap Box | Large\"><img width=\"80\" height=\"60\" src=\"https:\/\/www.charlyfresh.com\/at\/wp-content\/uploads\/2016\/10\/wrap-box-large-80x60.jpg\" class=\"wppizza-article-image-thumb wp-post-image\" alt=\"\" loading=\"lazy\" title=\"Wrap Box | Large\" srcset=\"https:\/\/www.charlyfresh.com\/at\/wp-content\/uploads\/2016\/10\/wrap-box-large-80x60.jpg 80w, https:\/\/www.charlyfresh.com\/at\/wp-content\/uploads\/2016\/10\/wrap-box-large-300x225.jpg 300w, https:\/\/www.charlyfresh.com\/at\/wp-content\/uploads\/2016\/10\/wrap-box-large-1024x768.jpg 1024w, https:\/\/www.charlyfresh.com\/at\/wp-content\/uploads\/2016\/10\/wrap-box-large-600x450.jpg 600w, https:\/\/www.charlyfresh.com\/at\/wp-content\/uploads\/2016\/10\/wrap-box-large.jpg 1200w\" sizes=\"(max-width: 80px) 100vw, 80px\" \/><\/a><\/div><div id=\"wppizza-article-sizes-1870\" class=\"wppizza-article-sizes wppizza-article-prices-7\"><ul><li id=\"wppizza-article-prices-1870\" class=\"wppizza-article-prices\" ><ul><li id=\"wppizza-1-26-1870-7-0\" class=\"wppizza-article-price wppizza-article-price-7-0 wppizza-price-1870-0 wppizza-add-ingredients\"  title=\"hinzuf\u00fcgen\"  data-id=\"1.26.1870.7.0\" ><span class=\"\">\u20ac 199,00<\/span><div class=\"wppizza-article-size\">Box<\/div><\/li><\/ul><\/li><\/ul><\/div><p id=\"wppizza-article-content-1870\" class=\"wppizza-article-content\">bestehend aus 64 kalten wraph\u00e4lften_w\u00e4hle nach deinen w\u00fcnschen aus den verschiedenen sorten<\/p><\/article><article id=\"post-4493\" class=\"wppizza-article wppizza-article-grid  wppizza-article-wbox wppizza-article-wbox-26 wppizza_menu-wbox wppizza_menu-term-26 entry-content post-4493 wppizza type-wppizza status-publish has-post-thumbnail hentry\"><h2 id=\"wppizza-article-1-26-4493-7-0\" class=\"wppizza-article-h2  wppizza-trigger-click\"><span class=\"wppizza-article-title\">Mix Box | Small<\/span><\/h2><div id=\"wppizza-article-img-4493\" class=\"wppizza-article-image\"><a href=\"https:\/\/www.charlyfresh.com\/at\/wp-content\/uploads\/2015\/09\/wrap_box_fi.jpg\" rel=\"wpzpp-fertige-mix-box-small\" title=\"Mix Box | Small\"><img width=\"80\" height=\"60\" src=\"https:\/\/www.charlyfresh.com\/at\/wp-content\/uploads\/2015\/09\/wrap_box_fi-80x60.jpg\" class=\"wppizza-article-image-thumb wp-post-image\" alt=\"\" loading=\"lazy\" title=\"Mix Box | Small\" srcset=\"https:\/\/www.charlyfresh.com\/at\/wp-content\/uploads\/2015\/09\/wrap_box_fi-80x60.jpg 80w, https:\/\/www.charlyfresh.com\/at\/wp-content\/uploads\/2015\/09\/wrap_box_fi-300x225.jpg 300w, https:\/\/www.charlyfresh.com\/at\/wp-content\/uploads\/2015\/09\/wrap_box_fi-1024x768.jpg 1024w, https:\/\/www.charlyfresh.com\/at\/wp-content\/uploads\/2015\/09\/wrap_box_fi-600x450.jpg 600w, https:\/\/www.charlyfresh.com\/at\/wp-content\/uploads\/2015\/09\/wrap_box_fi.jpg 1200w\" sizes=\"(max-width: 80px) 100vw, 80px\" \/><\/a><\/div><div id=\"wppizza-article-sizes-4493\" class=\"wppizza-article-sizes wppizza-article-prices-7\"><ul><li id=\"wppizza-article-prices-4493\" class=\"wppizza-article-prices\" ><ul><li id=\"wppizza-1-26-4493-7-0\" class=\"wppizza-article-price wppizza-article-price-7-0 wppizza-price-4493-0 wppizza-add-to-cart\"  title=\"hinzuf\u00fcgen\"  data-id=\"1.26.4493.7.0\" ><span class=\"\">\u20ac 59,00<\/span><div class=\"wppizza-article-size\">Box<\/div><\/li><\/ul><\/li><\/ul><\/div><p id=\"wppizza-article-content-4493\" class=\"wppizza-article-content\">bestehend aus 16 kalten wraph\u00e4lften_ fertiger mix aus allen wrapsorten<\/p><\/article><\/section><section id=\"wppizza-grid-section-1\"  class=\"wppizza-grid-section wppizza-grid-section-1 wppizza-grid-section-last\"><article id=\"post-4494\" class=\"wppizza-article wppizza-article-grid  wppizza-article-wbox wppizza-article-wbox-26 wppizza_menu-wbox wppizza_menu-term-26 entry-content post-4494 wppizza type-wppizza status-publish has-post-thumbnail hentry\"><h2 id=\"wppizza-article-1-26-4494-7-0\" class=\"wppizza-article-h2  wppizza-trigger-click\"><span class=\"wppizza-article-title\">Mix Box | Medium<\/span><\/h2><div id=\"wppizza-article-img-4494\" class=\"wppizza-article-image\"><a href=\"https:\/\/www.charlyfresh.com\/at\/wp-content\/uploads\/2016\/10\/wrap-box-medium.jpg\" rel=\"wpzpp-mix-box-medium\" title=\"Mix Box | Medium\"><img width=\"80\" height=\"60\" src=\"https:\/\/www.charlyfresh.com\/at\/wp-content\/uploads\/2016\/10\/wrap-box-medium-80x60.jpg\" class=\"wppizza-article-image-thumb wp-post-image\" alt=\"\" loading=\"lazy\" title=\"Mix Box | Medium\" srcset=\"https:\/\/www.charlyfresh.com\/at\/wp-content\/uploads\/2016\/10\/wrap-box-medium-80x60.jpg 80w, https:\/\/www.charlyfresh.com\/at\/wp-content\/uploads\/2016\/10\/wrap-box-medium-300x225.jpg 300w, https:\/\/www.charlyfresh.com\/at\/wp-content\/uploads\/2016\/10\/wrap-box-medium-1024x768.jpg 1024w, https:\/\/www.charlyfresh.com\/at\/wp-content\/uploads\/2016\/10\/wrap-box-medium-600x450.jpg 600w, https:\/\/www.charlyfresh.com\/at\/wp-content\/uploads\/2016\/10\/wrap-box-medium.jpg 1200w\" sizes=\"(max-width: 80px) 100vw, 80px\" \/><\/a><\/div><div id=\"wppizza-article-sizes-4494\" class=\"wppizza-article-sizes wppizza-article-prices-7\"><ul><li id=\"wppizza-article-prices-4494\" class=\"wppizza-article-prices\" ><ul><li id=\"wppizza-1-26-4494-7-0\" class=\"wppizza-article-price wppizza-article-price-7-0 wppizza-price-4494-0 wppizza-add-to-cart\"  title=\"hinzuf\u00fcgen\"  data-id=\"1.26.4494.7.0\" ><span class=\"\">\u20ac 109,00<\/span><div class=\"wppizza-article-size\">Box<\/div><\/li><\/ul><\/li><\/ul><\/div><p id=\"wppizza-article-content-4494\" class=\"wppizza-article-content\">bestehend aus 32 kalten wraph\u00e4lften_ fertiger mix aus allen wrapsorten<\/p><\/article><article id=\"post-4495\" class=\"wppizza-article wppizza-article-grid  wppizza-article-last wppizza-article-wbox wppizza-article-wbox-26 wppizza_menu-wbox wppizza_menu-term-26 entry-content post-4495 wppizza type-wppizza status-publish has-post-thumbnail hentry\"><h2 id=\"wppizza-article-1-26-4495-7-0\" class=\"wppizza-article-h2  wppizza-trigger-click\"><span class=\"wppizza-article-title\">Mix Box | Large<\/span><\/h2><div id=\"wppizza-article-img-4495\" class=\"wppizza-article-image\"><a href=\"https:\/\/www.charlyfresh.com\/at\/wp-content\/uploads\/2016\/10\/wrap-box-large.jpg\" rel=\"wpzpp-mix-box-large\" title=\"Mix Box | Large\"><img width=\"80\" height=\"60\" src=\"https:\/\/www.charlyfresh.com\/at\/wp-content\/uploads\/2016\/10\/wrap-box-large-80x60.jpg\" class=\"wppizza-article-image-thumb wp-post-image\" alt=\"\" loading=\"lazy\" title=\"Mix Box | Large\" srcset=\"https:\/\/www.charlyfresh.com\/at\/wp-content\/uploads\/2016\/10\/wrap-box-large-80x60.jpg 80w, https:\/\/www.charlyfresh.com\/at\/wp-content\/uploads\/2016\/10\/wrap-box-large-300x225.jpg 300w, https:\/\/www.charlyfresh.com\/at\/wp-content\/uploads\/2016\/10\/wrap-box-large-1024x768.jpg 1024w, https:\/\/www.charlyfresh.com\/at\/wp-content\/uploads\/2016\/10\/wrap-box-large-600x450.jpg 600w, https:\/\/www.charlyfresh.com\/at\/wp-content\/uploads\/2016\/10\/wrap-box-large.jpg 1200w\" sizes=\"(max-width: 80px) 100vw, 80px\" \/><\/a><\/div><div id=\"wppizza-article-sizes-4495\" class=\"wppizza-article-sizes wppizza-article-prices-7\"><ul><li id=\"wppizza-article-prices-4495\" class=\"wppizza-article-prices\" ><ul><li id=\"wppizza-1-26-4495-7-0\" class=\"wppizza-article-price wppizza-article-price-7-0 wppizza-price-4495-0 wppizza-add-to-cart\"  title=\"hinzuf\u00fcgen\"  data-id=\"1.26.4495.7.0\" ><span class=\"\">\u20ac 199,00<\/span><div class=\"wppizza-article-size\">Box<\/div><\/li><\/ul><\/li><\/ul><\/div><p id=\"wppizza-article-content-4495\" class=\"wppizza-article-content\">bestehend aus 64 kalten wraph\u00e4lften_ fertiger mix aus allen wrapsorten<\/p><\/article><\/section>\n","protected":false},"excerpt":{"rendered":"<p>Die Charlyfresh Wrap-Box Hier kannst du dir deine eigene\u00a0kalte Wrap-Box\u00a0zusammenstellen. Ob Fleisch, vegetarisch oder vegan&#8230; es ist f\u00fcr jeden etwas dabei! Nachdem du dich f\u00fcr die Gr\u00f6\u00dfe deiner Box\u00a0entschieden hast, kannst du die Best\u00fcckung selbst w\u00e4hlen. Zur Auswahl stehen: Rind Mediteranian Roastbeef Wrap\u00a0(roastbeef_rucola_gegrillte paprika_getrocknete tomaten_oliven&#8230;<\/p>\n","protected":false},"author":1,"featured_media":0,"parent":0,"menu_order":0,"comment_status":"closed","ping_status":"closed","template":"","meta":[],"_links":{"self":[{"href":"https:\/\/www.charlyfresh.com\/at\/wp-json\/wp\/v2\/pages\/1902"}],"collection":[{"href":"https:\/\/www.charlyfresh.com\/at\/wp-json\/wp\/v2\/pages"}],"about":[{"href":"https:\/\/www.charlyfresh.com\/at\/wp-json\/wp\/v2\/types\/page"}],"author":[{"embeddable":true,"href":"https:\/\/www.charlyfresh.com\/at\/wp-json\/wp\/v2\/users\/1"}],"replies":[{"embeddable":true,"href":"https:\/\/www.charlyfresh.com\/at\/wp-json\/wp\/v2\/comments?post=1902"}],"version-history":[{"count":23,"href":"https:\/\/www.charlyfresh.com\/at\/wp-json\/wp\/v2\/pages\/1902\/revisions"}],"predecessor-version":[{"id":9403,"href":"https:\/\/www.charlyfresh.com\/at\/wp-json\/wp\/v2\/pages\/1902\/revisions\/9403"}],"wp:attachment":[{"href":"https:\/\/www.charlyfresh.com\/at\/wp-json\/wp\/v2\/media?parent=1902"}],"curies":[{"name":"wp","href":"https:\/\/api.w.org\/{rel}","templated":true}]}}