{"id":9405,"date":"2024-12-02T15:48:36","date_gmt":"2024-12-02T14:48:36","guid":{"rendered":"https:\/\/www.charlyfresh.com\/at\/?page_id=9405"},"modified":"2025-01-03T09:54:11","modified_gmt":"2025-01-03T08:54:11","slug":"express-catering","status":"publish","type":"page","link":"https:\/\/www.charlyfresh.com\/at\/express-catering\/","title":{"rendered":"Express Catering"},"content":{"rendered":"<p>[vc_row css_animation=&#8221;&#8221; row_type=&#8221;row&#8221; use_row_as_full_screen_section=&#8221;no&#8221; type=&#8221;full_width&#8221; angled_section=&#8221;no&#8221; text_align=&#8221;left&#8221; background_image_as_pattern=&#8221;without_pattern&#8221;][vc_column][vc_column_text][\/vc_column_text][\/vc_column][\/vc_row][vc_row css_animation=&#8221;&#8221; row_type=&#8221;row&#8221; use_row_as_full_screen_section=&#8221;no&#8221; type=&#8221;full_width&#8221; angled_section=&#8221;no&#8221; text_align=&#8221;left&#8221; background_image_as_pattern=&#8221;without_pattern&#8221; z_index=&#8221;&#8221;][vc_column css=&#8221;.vc_custom_1588222942287{padding-top: 20px !important;}&#8221;][vc_single_image image=&#8221;9411&#8243; img_size=&#8221;full&#8221; alignment=&#8221;center&#8221; style=&#8221;vc_box_rounded&#8221; qode_css_animation=&#8221;&#8221;][vc_separator type=&#8221;normal&#8221; color=&#8221;#0f0f0f&#8221;][\/vc_column][\/vc_row][vc_row css_animation=&#8221;&#8221; row_type=&#8221;row&#8221; use_row_as_full_screen_section=&#8221;no&#8221; type=&#8221;full_width&#8221; angled_section=&#8221;no&#8221; text_align=&#8221;left&#8221; background_image_as_pattern=&#8221;without_pattern&#8221; z_index=&#8221;&#8221;][vc_column css=&#8221;.vc_custom_1588222942287{padding-top: 20px !important;}&#8221;][vc_column_text]<\/p>\r\n<h1><span style=\"color: #000000;\"><strong>Unser Service &#8211; f\u00fcr jeden Anlass, f\u00fcr jede Personenzahl<\/strong><\/span><\/h1>\r\n<p><span style=\"color: #000000;\">Egal, ob du eine kleine Besprechung oder ein gro\u00dfes Event planst \u2013 wir bieten dir eine ma\u00dfgeschneiderte L\u00f6sung, die deine G\u00e4ste begeistern wird. Mit unserer Auswahl an <a style=\"color: #000000;\" href=\"#wrap-box\">Wrap-Boxen<\/a>, <a style=\"color: #000000;\" href=\"#lunch-box\">Lunch-Paketen<\/a> und kreativen <a style=\"color: #000000;\" href=\"#bowls\">Bowls<\/a> bieten wir dir vielf\u00e4ltige und leckere Optionen, die nicht nur satt machen, sondern auch ein wahres Geschmackserlebnis bieten.<\/span><\/p>\r\n<p><span style=\"color: #000000;\">Unsere Wrap-Boxen sind in Form eines Buffets perfekt f\u00fcr den schnellen Genuss zwischendurch, w\u00e4hrend unsere Lunch-Pakete ideal f\u00fcr ein rundum zufriedenes Mittagsmen\u00fc sorgen. Die Bowls bieten dir eine ausgewogene Mischung aus frischen Zutaten, die sowohl optisch als auch kulinarisch ein Highlight sind.<\/span><\/p>\r\n<p><span style=\"color: #000000;\">Egal, ob du nur f\u00fcr ein paar Personen oder f\u00fcr eine gr\u00f6\u00dfere Veranstaltung bestellst \u2013 wir garantieren Dir eine p\u00fcnktliche Lieferung und h\u00f6chste Qualit\u00e4t. Unsere flexiblen Express-Catering-Angebote passen sich deinen Bed\u00fcrfnissen an, sodass du dich entspannt zur\u00fccklehnen und dich voll und ganz um deine G\u00e4ste k\u00fcmmern kannst.<\/span><\/p>\r\n<p><span style=\"color: #000000;\">Mit einer Vorlaufzeit von 2 Werktagen ist eine Onlinebestellung jederzeit m\u00f6glich und wird dir auch umgehend best\u00e4tigt. <\/span><\/p>\r\n<p><span style=\"color: #000000;\">Du brauchst dein Essen kurzfristig? Ruf uns direkt an und wir werden versuchen\u00a0<\/span><\/p>\r\n<p>[\/vc_column_text][vc_separator type=&#8221;normal&#8221; color=&#8221;#0f0f0f&#8221;][\/vc_column][\/vc_row][vc_row css_animation=&#8221;&#8221; row_type=&#8221;row&#8221; use_row_as_full_screen_section=&#8221;no&#8221; type=&#8221;full_width&#8221; angled_section=&#8221;no&#8221; text_align=&#8221;left&#8221; background_image_as_pattern=&#8221;without_pattern&#8221; z_index=&#8221;wrap-box&#8221;][vc_column width=&#8221;1\/2&#8243; css=&#8221;.vc_custom_1588222942287{padding-top: 20px !important;}&#8221;][vc_column_text]<\/p>\r\n<h1><span style=\"color: #000000;\">Die Charlyfresh Wrap-Box<\/span><\/h1>\r\n<p>&nbsp;<\/p>\r\n<p><span style=\"color: #000000;\">Hier kannst du dir deine eigene\u00a0<strong>kalte Wrap-Box<\/strong> zusammenstellen. Ob Fleisch, vegetarisch oder vegan&#8230; es ist f\u00fcr jeden etwas dabei!<\/span><\/p>\r\n<p><span style=\"color: #000000;\">Du kannst die Wrap Box in \u00a03 verschiedenen Gr\u00f6\u00dfen bestellen und verk\u00f6stigst deine G\u00e4ste &#8211; je nach Hunger &#8211; bereits ab EUR 3,12 pro Person.<\/span><br \/><span style=\"color: #000000;\">Nachdem du dich f\u00fcr die Gr\u00f6\u00dfe deiner Box\u00a0entschieden hast, kannst du die Best\u00fcckung selbst w\u00e4hlen.<\/span><\/p>\r\n<p>&nbsp;<\/p>\r\n<p><span style=\"color: #000000;\">Aktuell stehen zur Auswahl:<\/span><\/p>\r\n<p style=\"padding-left: 30px;\"><span style=\"color: #000000;\"><em>Rind<\/em><\/span><\/p>\r\n<ul>\r\n<li><span style=\"color: #000000;\"><strong>Mediteranian Roastbeef Wrap<\/strong>\u00a0(roastbeef_rucola_gegrillte paprika_getrocknete tomaten_oliven creamcheese)<\/span><\/li>\r\n<\/ul>\r\n<hr \/>\r\n<p style=\"padding-left: 30px; text-align: left;\"><span style=\"color: #000000;\"><em>Huhn<\/em><\/span><\/p>\r\n<ul>\r\n<li style=\"text-align: left;\"><span style=\"color: #000000;\"><strong>Chicken Creamcheese Wrap\u00a0<\/strong>(h\u00fchnerfilet_rucola_tomaten_creamcheese)<\/span><\/li>\r\n<\/ul>\r\n<hr \/>\r\n<p style=\"padding-left: 30px;\"><span style=\"color: #000000;\"><em>Vegetarisch<\/em><\/span><\/p>\r\n<ul>\r\n<li><span style=\"color: #000000;\"><strong>Caprese Wrap\u00a0<\/strong>(tomate_mozzarella_rucola_gr\u00fcnes pesto)<\/span><\/li>\r\n<li><span style=\"color: #000000;\"><strong>Feta Wrap<\/strong>\u00a0(feta_rucola_tomaten_rotes pesto)<\/span><\/li>\r\n<\/ul>\r\n<hr \/>\r\n<p style=\"padding-left: 30px;\"><span style=\"color: #000000;\"><em>Vegan<\/em><\/span><\/p>\r\n<ul>\r\n<li><span style=\"color: #000000;\"><strong>Falafel\u00a0Wrap<\/strong>\u00a0(falafel_humus_melanzani_tomaten_gurken_tahina sauce)<\/span><\/li>\r\n<\/ul>\r\n<p>&nbsp;<\/p>\r\n<p>[\/vc_column_text][\/vc_column][vc_column width=&#8221;1\/2&#8243; css=&#8221;.vc_custom_1588222934972{padding-top: 20px !important;}&#8221;][vc_single_image image=&#8221;9426&#8243; img_size=&#8221;full&#8221; alignment=&#8221;center&#8221; style=&#8221;vc_box_rounded&#8221; qode_css_animation=&#8221;&#8221;][\/vc_column][\/vc_row][vc_row css_animation=&#8221;&#8221; row_type=&#8221;row&#8221; use_row_as_full_screen_section=&#8221;no&#8221; type=&#8221;full_width&#8221; angled_section=&#8221;no&#8221; text_align=&#8221;left&#8221; background_image_as_pattern=&#8221;without_pattern&#8221;][vc_column][vc_column_text]<\/p>\r\n<p>[\/vc_column_text][vc_separator type=&#8221;normal&#8221; color=&#8221;#0f0f0f&#8221;][\/vc_column][\/vc_row][vc_row css_animation=&#8221;&#8221; row_type=&#8221;row&#8221; use_row_as_full_screen_section=&#8221;no&#8221; type=&#8221;full_width&#8221; angled_section=&#8221;no&#8221; text_align=&#8221;left&#8221; background_image_as_pattern=&#8221;without_pattern&#8221; z_index=&#8221;&#8221; el_id=&#8221;lunch-box&#8221;][vc_column width=&#8221;1\/2&#8243; css=&#8221;.vc_custom_1588222942287{padding-top: 20px !important;}&#8221;][vc_single_image image=&#8221;9449&#8243; img_size=&#8221;full&#8221; alignment=&#8221;center&#8221; style=&#8221;vc_box_rounded&#8221; qode_css_animation=&#8221;&#8221;][\/vc_column][vc_column width=&#8221;1\/2&#8243; css=&#8221;.vc_custom_1588222934972{padding-top: 20px !important;}&#8221;][vc_column_text]<\/p>\r\n<h1><span style=\"color: #000000;\">Die Charlyfresh Lunch-Box<\/span><\/h1>\r\n<p>&nbsp;<\/p>\r\n<p><span style=\"color: #000000;\">Unsere <strong>Lunch-Box<\/strong> wird aus mehreren Komponenten zusammengesetzt und gibt es sowohl mit Rind oder Huhn, als auch vegetarisch oder vegan&#8230;<\/span><\/p>\r\n<p><span style=\"color: #000000;\">W\u00e4hle die Zusammensetzung selber aus &#8211; die Boxen werden anschlie\u00dfend einzeln verpackt geliefert.<\/span><\/p>\r\n<p>&nbsp;<\/p>\r\n<p><span style=\"color: #000000;\">Folgende Artikel stehen zur Best\u00fcckung der Lunch-Box zur Auswahl:<\/span><\/p>\r\n<p>&nbsp;<\/p>\r\n<p><span style=\"color: #000000;\"><strong>Getr\u00e4nk <\/strong>(mehrfachauswahl m\u00f6glich)<\/span><\/p>\r\n<ul>\r\n<li><span style=\"color: #000000;\">Mineralwasser 0,5l (still oder prickelnd)<\/span><\/li>\r\n<li><span style=\"color: #000000;\">Softdrink 0,33l\/0,5l (Coca Cola, Fanta, Sprite, Makava Eistee, Apfelsaft gespritzt)<\/span><\/li>\r\n<li><span style=\"color: #000000;\">Eiscafe 0,25l<\/span><\/li>\r\n<\/ul>\r\n<hr \/>\r\n<p><span style=\"color: #000000;\"><strong>Vorspeise\u00a0<\/strong><\/span><\/p>\r\n<ul>\r\n<li><span style=\"color: #000000;\">Salat \u00a0(Garten Mixsalat mit Balsamico Dressing \/ Feta Salat mit Mandeln und Honey-Lemon-Dressing)<\/span><\/li>\r\n<\/ul>\r\n<hr \/>\r\n<p><span style=\"color: #000000;\"><strong>Hauptgericht<\/strong><\/span><\/p>\r\n<ul>\r\n<li><span style=\"color: #000000;\">2 Wraph\u00e4lften (Auswahl varriert, siehe Online Shop)<\/span><\/li>\r\n<\/ul>\r\n<hr \/>\r\n<p><span style=\"color: #000000;\"><strong>Snack<\/strong><\/span><\/p>\r\n<ul>\r\n<li><span style=\"color: #000000;\">Obst (Auswahl varriert, siehe Online Shop)<\/span><\/li>\r\n<li><span style=\"color: #000000;\">Riegel (Schoko, oder M\u00fcsli)<\/span><\/li>\r\n<\/ul>\r\n<hr \/>\r\n<p><span style=\"color: #000000;\"><strong>Dessert<\/strong><\/span><\/p>\r\n<ul>\r\n<li><span style=\"color: #000000;\">Brownie<\/span><\/li>\r\n<\/ul>\r\n<p>[\/vc_column_text][\/vc_column][\/vc_row][vc_row css_animation=&#8221;&#8221; row_type=&#8221;row&#8221; use_row_as_full_screen_section=&#8221;no&#8221; type=&#8221;full_width&#8221; angled_section=&#8221;no&#8221; text_align=&#8221;left&#8221; background_image_as_pattern=&#8221;without_pattern&#8221;][vc_column][vc_column_text]<\/p>\r\n<p><!-- \/wp:paragraph -->[\/vc_column_text][vc_separator type=&#8221;normal&#8221; color=&#8221;#0f0f0f&#8221;][\/vc_column][\/vc_row][vc_row css_animation=&#8221;&#8221; row_type=&#8221;row&#8221; use_row_as_full_screen_section=&#8221;no&#8221; type=&#8221;full_width&#8221; angled_section=&#8221;no&#8221; text_align=&#8221;left&#8221; background_image_as_pattern=&#8221;without_pattern&#8221; z_index=&#8221;wrap-box&#8221; el_id=&#8221;bowl&#8221;][vc_column width=&#8221;1\/2&#8243; css=&#8221;.vc_custom_1588222942287{padding-top: 20px !important;}&#8221;][vc_column_text]<\/p>\r\n<h1><span style=\"color: #000000;\">Die Charlyfresh Rice-Bowl<\/span><\/h1>\r\n<p>&nbsp;<\/p>\r\n<p><span style=\"color: #000000;\">Ob fertig zusammengestellt &amp; einzeln verpackt \u00a0oder in Form eines Buffets&#8230; unsere Rice Bowl kommt immer gut an!<\/span><\/p>\r\n<p><span style=\"color: #000000;\"><span style=\"caret-color: #000000;\">Mit frischem Gem\u00fcse, deiner Auswahl an Proteinen (Rind, Huhn, Tofu oder K\u00e4se) und diversen Dressing Saucen sorgt die Rice Bowl f\u00fcr ein frisches Geschmackserlebnis.<\/span><\/span><\/p>\r\n<p>[\/vc_column_text][\/vc_column][vc_column width=&#8221;1\/2&#8243; css=&#8221;.vc_custom_1588222934972{padding-top: 20px !important;}&#8221;][vc_single_image image=&#8221;9453&#8243; img_size=&#8221;full&#8221; alignment=&#8221;center&#8221; style=&#8221;vc_box_rounded&#8221; qode_css_animation=&#8221;&#8221;][\/vc_column][\/vc_row][vc_row css_animation=&#8221;&#8221; row_type=&#8221;row&#8221; use_row_as_full_screen_section=&#8221;no&#8221; type=&#8221;full_width&#8221; angled_section=&#8221;no&#8221; text_align=&#8221;left&#8221; background_image_as_pattern=&#8221;without_pattern&#8221;][vc_column][vc_column_text]<\/p>\r\n<p><!-- \/wp:paragraph -->[\/vc_column_text][vc_separator type=&#8221;normal&#8221; color=&#8221;#0f0f0f&#8221;][\/vc_column][\/vc_row]<\/p>","protected":false},"excerpt":{"rendered":"<p>[vc_row css_animation=&#8221;&#8221; row_type=&#8221;row&#8221; use_row_as_full_screen_section=&#8221;no&#8221; type=&#8221;full_width&#8221; angled_section=&#8221;no&#8221; text_align=&#8221;left&#8221; background_image_as_pattern=&#8221;without_pattern&#8221;][vc_column][vc_column_text][\/vc_column_text][\/vc_column][\/vc_row][vc_row css_animation=&#8221;&#8221; row_type=&#8221;row&#8221; use_row_as_full_screen_section=&#8221;no&#8221; type=&#8221;full_width&#8221; angled_section=&#8221;no&#8221; text_align=&#8221;left&#8221; background_image_as_pattern=&#8221;without_pattern&#8221; z_index=&#8221;&#8221;][vc_column css=&#8221;.vc_custom_1588222942287{padding-top: 20px !important;}&#8221;][vc_single_image image=&#8221;9411&#8243; img_size=&#8221;full&#8221; alignment=&#8221;center&#8221; style=&#8221;vc_box_rounded&#8221; qode_css_animation=&#8221;&#8221;][vc_separator type=&#8221;normal&#8221; color=&#8221;#0f0f0f&#8221;][\/vc_column][\/vc_row][vc_row css_animation=&#8221;&#8221; row_type=&#8221;row&#8221; use_row_as_full_screen_section=&#8221;no&#8221; type=&#8221;full_width&#8221; angled_section=&#8221;no&#8221; text_align=&#8221;left&#8221; background_image_as_pattern=&#8221;without_pattern&#8221; z_index=&#8221;&#8221;][vc_column css=&#8221;.vc_custom_1588222942287{padding-top: 20px !important;}&#8221;][vc_column_text] Unser Service &#8211; f\u00fcr jeden Anlass, f\u00fcr jede&#8230;<\/p>\n","protected":false},"author":1,"featured_media":0,"parent":0,"menu_order":0,"comment_status":"closed","ping_status":"closed","template":"","meta":[],"_links":{"self":[{"href":"https:\/\/www.charlyfresh.com\/at\/wp-json\/wp\/v2\/pages\/9405"}],"collection":[{"href":"https:\/\/www.charlyfresh.com\/at\/wp-json\/wp\/v2\/pages"}],"about":[{"href":"https:\/\/www.charlyfresh.com\/at\/wp-json\/wp\/v2\/types\/page"}],"author":[{"embeddable":true,"href":"https:\/\/www.charlyfresh.com\/at\/wp-json\/wp\/v2\/users\/1"}],"replies":[{"embeddable":true,"href":"https:\/\/www.charlyfresh.com\/at\/wp-json\/wp\/v2\/comments?post=9405"}],"version-history":[{"count":44,"href":"https:\/\/www.charlyfresh.com\/at\/wp-json\/wp\/v2\/pages\/9405\/revisions"}],"predecessor-version":[{"id":9461,"href":"https:\/\/www.charlyfresh.com\/at\/wp-json\/wp\/v2\/pages\/9405\/revisions\/9461"}],"wp:attachment":[{"href":"https:\/\/www.charlyfresh.com\/at\/wp-json\/wp\/v2\/media?parent=9405"}],"curies":[{"name":"wp","href":"https:\/\/api.w.org\/{rel}","templated":true}]}}