{"id":9463,"date":"2025-01-03T13:32:52","date_gmt":"2025-01-03T12:32:52","guid":{"rendered":"https:\/\/www.charlyfresh.com\/at\/?page_id=9463"},"modified":"2025-01-03T14:03:06","modified_gmt":"2025-01-03T13:03:06","slug":"food-truck-catering","status":"publish","type":"page","link":"https:\/\/www.charlyfresh.com\/at\/food-truck-catering\/","title":{"rendered":"Food Truck Catering"},"content":{"rendered":"<p>[vc_row css_animation=&#8221;&#8221; row_type=&#8221;row&#8221; use_row_as_full_screen_section=&#8221;no&#8221; type=&#8221;full_width&#8221; angled_section=&#8221;no&#8221; text_align=&#8221;left&#8221; background_image_as_pattern=&#8221;without_pattern&#8221;][vc_column][vc_column_text]<\/p>\r\n<p><br \/>[\/vc_column_text][\/vc_column][\/vc_row][vc_row css_animation=&#8221;&#8221; row_type=&#8221;row&#8221; use_row_as_full_screen_section=&#8221;no&#8221; type=&#8221;full_width&#8221; angled_section=&#8221;no&#8221; text_align=&#8221;left&#8221; background_image_as_pattern=&#8221;without_pattern&#8221; z_index=&#8221;&#8221;][vc_column css=&#8221;.vc_custom_1588222942287{padding-top: 20px !important;}&#8221;][vc_single_image image=&#8221;9465&#8243; img_size=&#8221;full&#8221; alignment=&#8221;center&#8221; style=&#8221;vc_box_rounded&#8221; qode_css_animation=&#8221;&#8221;][vc_separator type=&#8221;normal&#8221; color=&#8221;#0f0f0f&#8221;][\/vc_column][\/vc_row][vc_row css_animation=&#8221;&#8221; row_type=&#8221;row&#8221; use_row_as_full_screen_section=&#8221;no&#8221; type=&#8221;full_width&#8221; angled_section=&#8221;no&#8221; text_align=&#8221;left&#8221; background_image_as_pattern=&#8221;without_pattern&#8221; z_index=&#8221;&#8221;][vc_column width=&#8221;5\/6&#8243; css=&#8221;.vc_custom_1588222942287{padding-top: 20px !important;}&#8221;][vc_column_text]<\/p>\r\n<h1><span style=\"color: #000000;\"><strong>Dein perfektes Event \u2013 mit unserem Foodtruck Catering!<\/strong><\/span><\/h1>\r\n<p><span style=\"color: #000000;\">Du suchst nach einer besonderen kulinarischen L\u00f6sung f\u00fcr dein Event? Unser Foodtruck Catering bringt nicht nur au\u00dfergew\u00f6hnliche, frisch zubereitete Gerichte direkt zu dir, sondern auch ein einzigartiges Erlebnis. Mit unserem mobilen Foodtruck versorgen wir deine G\u00e4ste mit leckeren Speisen, die vor Ort mit viel Liebe und besten Zutaten zubereitet werden.<\/span><\/p>\r\n<p><span style=\"color: #000000;\">Ob Hochzeit, Firmenfeier, Festival, Geburtstag oder Messe \u2013 unser Foodtruck Catering passt sich jedem Event perfekt an. Und das Beste: Neben einer Vielzahl an individuell gestalteten Speisen hast du auch die M\u00f6glichkeit, unseren <strong>\u201eOriginal Philly Cheesesteak Truck\u201c<\/strong> zu buchen. Ein Highlight, das vor allem die Liebhaber des amerikanischen Klassikers begeistern wird!<\/span><\/p>\r\n<p><span style=\"color: #000000;\"><strong>Warum Foodtruck Catering?<\/strong><\/span><\/p>\r\n<ul>\r\n<li><span style=\"color: #000000;\"><strong>Unvergleichliche Flexibilit\u00e4t:<\/strong> Unser Foodtruck Catering kommt \u00fcberall hin! Egal ob in der Stadt oder auf dem Land, in einem Garten oder auf einem gro\u00dfen Eventgel\u00e4nde \u2013 wir sorgen daf\u00fcr, dass deine G\u00e4ste \u00fcberall mit frischen, k\u00f6stlichen Gerichten versorgt werden.<\/span><\/li>\r\n<li><span style=\"color: #000000;\"><strong>Individuell &amp; kreativ:<\/strong> Von herzhaften Speisen bis zu s\u00fc\u00dfen Leckereien \u2013 w\u00e4hle aus einer Vielzahl an Gerichten oder lass uns ein Men\u00fc kreieren, das perfekt zu deinem Event passt. Ganz gleich, ob du klassische Streetfood-Klassiker, vegane Optionen oder besondere saisonale Gerichte bevorzugst \u2013 wir machen es m\u00f6glich.<\/span><\/li>\r\n<li><span style=\"color: #000000;\"><strong>Original Philly Cheesesteak:<\/strong> Ein absoluter Klassiker unter den Foodtruck-Angeboten ist unser <strong>\u201eOriginal Philly Cheesesteak Truck\u201c<\/strong>. Hier servieren wir dir und deinen G\u00e4sten die legend\u00e4ren Philly Cheesesteaks, die aus zartem, saftigem Rindfleisch, geschmolzenem K\u00e4se und frischem, knusprigem Brot bestehen \u2013 authentisch, lecker und ein echtes Highlight f\u00fcr jedes Event! Wenn du auf der Suche nach etwas Einzigartigem bist, ist dieser Truck die perfekte Wahl.<\/span><\/li>\r\n<li><span style=\"color: #000000;\"><strong>Frische, Qualit\u00e4t &amp; Nachhaltigkeit:<\/strong> Bei uns stehen nur die besten Zutaten auf dem Speiseplan. Wir legen gro\u00dfen Wert auf frische, regionale Produkte und Nachhaltigkeit. Alle Speisen werden direkt vor Ort zubereitet, sodass deine G\u00e4ste immer die frischesten und hei\u00dfesten Gerichte genie\u00dfen k\u00f6nnen.<\/span><\/li>\r\n<li><span style=\"color: #000000;\"><strong>Entertainment inklusive:<\/strong> Ein Foodtruck ist mehr als nur eine mobile K\u00fcche \u2013 er ist ein Erlebnis! Deine G\u00e4ste k\u00f6nnen beim Kochen zusehen, die frischen Zutaten bewundern und sich von den K\u00f6chen inspirieren lassen. Das sorgt f\u00fcr eine besondere Atmosph\u00e4re und wird sicherlich noch lange in Erinnerung bleiben.<\/span><\/li>\r\n<\/ul>\r\n<p><span style=\"color: #000000;\"><strong>Unser Service f\u00fcr dein Event:<\/strong><\/span><\/p>\r\n<ul>\r\n<li><span style=\"color: #000000;\"><strong>Beratung &amp; Men\u00fcplanung:<\/strong> Wir stehen dir von Anfang an zur Seite, um das perfekte Men\u00fc f\u00fcr dein Event zu entwickeln. Mit unserer Hilfe kannst du entscheiden, ob du eine gro\u00dfe Auswahl an Streetfood-Gerichten w\u00fcnschst oder ob du dich auf Spezialit\u00e4ten wie unseren Philly Cheesesteak Truck konzentrieren m\u00f6chtest. Alles ist m\u00f6glich!<\/span><\/li>\r\n<li><span style=\"color: #000000;\"><strong>P\u00fcnktlichkeit &amp; Zuverl\u00e4ssigkeit:<\/strong> Wir sind bestens vorbereitet und p\u00fcnktlich vor Ort, damit dein Event reibungslos abl\u00e4uft. Du kannst dich darauf verlassen, dass wir die richtigen Vorbereitungen treffen, damit du dich ganz auf dein Event konzentrieren kannst.<\/span><\/li>\r\n<li><span style=\"color: #000000;\"><strong>Vielseitigkeit:<\/strong> Egal, ob herzhaft, s\u00fc\u00df oder vegan \u2013 wir bieten dir eine breite Palette an Gerichten, die deinen G\u00e4sten gefallen werden. Kombiniere unsere verschiedenen Trucks nach deinen W\u00fcnschen oder lasse die Klassiker aus dem Philly Cheesesteak Truck f\u00fcr dich sprechen \u2013 du entscheidest!<\/span><\/li>\r\n<\/ul>\r\n<p><span style=\"color: #000000;\"><strong>So funktioniert\u2019s:<\/strong><\/span><\/p>\r\n<ol>\r\n<li><span style=\"color: #000000;\"><strong>Kontakt aufnehmen:<\/strong> Melde dich mit den Details deines Events, deinem Wunschdatum und den Vorstellungen f\u00fcr das Men\u00fc.<\/span><\/li>\r\n<li><span style=\"color: #000000;\"><strong>Individuelle Planung:<\/strong> Gemeinsam entwickeln wir das perfekte Men\u00fc, das genau auf deine G\u00e4ste und dein Event zugeschnitten ist. Hast du besondere W\u00fcnsche oder m\u00f6chtest du den Philly Cheesesteak Truck einbauen? Kein Problem!<\/span><\/li>\r\n<li><span style=\"color: #000000;\"><strong>Genie\u00dfen &amp; Feiern:<\/strong> Am Tag deines Events sind wir p\u00fcnktlich mit unserem Foodtruck vor Ort und sorgen daf\u00fcr, dass alle G\u00e4ste bestens versorgt werden \u2013 mit frisch zubereiteten, k\u00f6stlichen Speisen und einer tollen Atmosph\u00e4re.<\/span><\/li>\r\n<\/ol>\r\n<p><span style=\"color: #000000;\"><strong>Ein unvergessliches Erlebnis \u2013 f\u00fcr dich und deine G\u00e4ste!<\/strong><\/span><\/p>\r\n<p><span style=\"color: #000000;\">Foodtruck Catering ist nicht nur eine Mahlzeit, sondern ein Erlebnis. Die frischen Gerichte, das gem\u00fctliche Ambiente und der Spa\u00df beim Zusehen, wie das Essen direkt vor Ort zubereitet wird, machen dein Event zu etwas ganz Besonderem. Unsere Foodtrucks sind echte Hingucker und sorgen f\u00fcr eine unvergessliche Stimmung \u2013 sei es mit kreativen Streetfood-Kreationen oder dem echten Philly Cheesesteak.<\/span><\/p>\r\n<p><span style=\"color: #000000;\"><strong>Bereit f\u00fcr dein Event?<\/strong><\/span><\/p>\r\n<p><span style=\"color: #000000;\">Egal, ob du eine gro\u00dfe Hochzeit oder ein kleines, privates Event planst \u2013 wir haben die passende L\u00f6sung f\u00fcr dich! Sichere dir jetzt deinen Foodtruck f\u00fcr dein Event und verw\u00f6hne deine G\u00e4ste mit einem kulinarischen Highlight, das sie nicht so schnell vergessen werden.<\/span><\/p>\r\n<p><span style=\"color: #000000;\">Kontaktiere uns noch heute, um deinen <strong>\u201eOriginal Philly Cheesesteak Truck\u201c<\/strong> zu buchen oder einen unserer anderen Foodtrucks f\u00fcr dein Event zu reservieren!<\/span><\/p>\r\n<p>[\/vc_column_text][\/vc_column][vc_column width=&#8221;1\/6&#8243;][\/vc_column][\/vc_row][vc_row css_animation=&#8221;&#8221; row_type=&#8221;row&#8221; use_row_as_full_screen_section=&#8221;no&#8221; type=&#8221;full_width&#8221; angled_section=&#8221;no&#8221; text_align=&#8221;left&#8221; background_image_as_pattern=&#8221;without_pattern&#8221;][vc_column][vc_column_text]<\/p>\r\n<p>[\/vc_column_text][\/vc_column][\/vc_row]<\/p>","protected":false},"excerpt":{"rendered":"<p>[vc_row css_animation=&#8221;&#8221; row_type=&#8221;row&#8221; use_row_as_full_screen_section=&#8221;no&#8221; type=&#8221;full_width&#8221; angled_section=&#8221;no&#8221; text_align=&#8221;left&#8221; background_image_as_pattern=&#8221;without_pattern&#8221;][vc_column][vc_column_text] [\/vc_column_text][\/vc_column][\/vc_row][vc_row css_animation=&#8221;&#8221; row_type=&#8221;row&#8221; use_row_as_full_screen_section=&#8221;no&#8221; type=&#8221;full_width&#8221; angled_section=&#8221;no&#8221; text_align=&#8221;left&#8221; background_image_as_pattern=&#8221;without_pattern&#8221; z_index=&#8221;&#8221;][vc_column css=&#8221;.vc_custom_1588222942287{padding-top: 20px !important;}&#8221;][vc_single_image image=&#8221;9465&#8243; img_size=&#8221;full&#8221; alignment=&#8221;center&#8221; style=&#8221;vc_box_rounded&#8221; qode_css_animation=&#8221;&#8221;][vc_separator type=&#8221;normal&#8221; color=&#8221;#0f0f0f&#8221;][\/vc_column][\/vc_row][vc_row css_animation=&#8221;&#8221; row_type=&#8221;row&#8221; use_row_as_full_screen_section=&#8221;no&#8221; type=&#8221;full_width&#8221; angled_section=&#8221;no&#8221; text_align=&#8221;left&#8221; background_image_as_pattern=&#8221;without_pattern&#8221; z_index=&#8221;&#8221;][vc_column width=&#8221;5\/6&#8243; css=&#8221;.vc_custom_1588222942287{padding-top: 20px !important;}&#8221;][vc_column_text] Dein perfektes Event \u2013 mit unserem&#8230;<\/p>\n","protected":false},"author":1,"featured_media":0,"parent":0,"menu_order":0,"comment_status":"closed","ping_status":"closed","template":"","meta":[],"_links":{"self":[{"href":"https:\/\/www.charlyfresh.com\/at\/wp-json\/wp\/v2\/pages\/9463"}],"collection":[{"href":"https:\/\/www.charlyfresh.com\/at\/wp-json\/wp\/v2\/pages"}],"about":[{"href":"https:\/\/www.charlyfresh.com\/at\/wp-json\/wp\/v2\/types\/page"}],"author":[{"embeddable":true,"href":"https:\/\/www.charlyfresh.com\/at\/wp-json\/wp\/v2\/users\/1"}],"replies":[{"embeddable":true,"href":"https:\/\/www.charlyfresh.com\/at\/wp-json\/wp\/v2\/comments?post=9463"}],"version-history":[{"count":6,"href":"https:\/\/www.charlyfresh.com\/at\/wp-json\/wp\/v2\/pages\/9463\/revisions"}],"predecessor-version":[{"id":9471,"href":"https:\/\/www.charlyfresh.com\/at\/wp-json\/wp\/v2\/pages\/9463\/revisions\/9471"}],"wp:attachment":[{"href":"https:\/\/www.charlyfresh.com\/at\/wp-json\/wp\/v2\/media?parent=9463"}],"curies":[{"name":"wp","href":"https:\/\/api.w.org\/{rel}","templated":true}]}}